{"id":9,"date":"2026-02-17T18:55:28","date_gmt":"2026-02-17T18:55:28","guid":{"rendered":"https:\/\/stadnik-elektrotechnik.de\/?page_id=9"},"modified":"2026-03-04T11:42:15","modified_gmt":"2026-03-04T11:42:15","slug":"strona-glowna-wzorzec","status":"publish","type":"page","link":"https:\/\/stadnik-elektrotechnik.de\/","title":{"rendered":"Elektrotechnik Hamburg"},"content":{"rendered":"\n<div class=\"wp-block-cover\"><img loading=\"lazy\" decoding=\"async\" width=\"1536\" height=\"652\" class=\"wp-block-cover__image-background wp-image-87 size-full\" alt=\"\" src=\"https:\/\/stadnik-elektrotechnik.de\/wp-content\/uploads\/2026\/02\/Tlo-do-elektro.jpg\" style=\"object-position:78% 43%\" data-object-fit=\"cover\" data-object-position=\"78% 43%\" srcset=\"https:\/\/stadnik-elektrotechnik.de\/wp-content\/uploads\/2026\/02\/Tlo-do-elektro.jpg 1536w, https:\/\/stadnik-elektrotechnik.de\/wp-content\/uploads\/2026\/02\/Tlo-do-elektro-300x127.jpg 300w, https:\/\/stadnik-elektrotechnik.de\/wp-content\/uploads\/2026\/02\/Tlo-do-elektro-1024x435.jpg 1024w, https:\/\/stadnik-elektrotechnik.de\/wp-content\/uploads\/2026\/02\/Tlo-do-elektro-768x326.jpg 768w\" sizes=\"auto, (max-width: 1536px) 100vw, 1536px\" \/><span aria-hidden=\"true\" class=\"wp-block-cover__background has-background-dim-30 has-background-dim\" style=\"background-color:#0d1b2a\"><\/span><div class=\"wp-block-cover__inner-container is-layout-constrained wp-block-cover-is-layout-constrained\">\n<div class=\"wp-block-columns is-layout-flex wp-container-core-columns-is-layout-9d6595d7 wp-block-columns-is-layout-flex\">\n<div class=\"wp-block-column is-layout-flow wp-block-column-is-layout-flow\" style=\"flex-basis:33.33%\">\n<figure class=\"wp-block-image size-full is-resized\"><img loading=\"lazy\" decoding=\"async\" width=\"400\" height=\"266\" src=\"https:\/\/stadnik-elektrotechnik.de\/wp-content\/uploads\/2026\/02\/Wizytowka-bez-napisu-1-pdf-5.png\" alt=\"\" class=\"wp-image-93\" style=\"aspect-ratio:16\/9;object-fit:cover;width:116px;height:auto\" srcset=\"https:\/\/stadnik-elektrotechnik.de\/wp-content\/uploads\/2026\/02\/Wizytowka-bez-napisu-1-pdf-5.png 400w, https:\/\/stadnik-elektrotechnik.de\/wp-content\/uploads\/2026\/02\/Wizytowka-bez-napisu-1-pdf-5-300x200.png 300w\" sizes=\"auto, (max-width: 400px) 100vw, 400px\" \/><\/figure>\n<\/div>\n\n\n\n<div class=\"wp-block-column is-vertically-aligned-bottom is-layout-flow wp-block-column-is-layout-flow\" style=\"flex-basis:66.66%\"><\/div>\n<\/div>\n\n\n\n<h2 class=\"wp-block-heading has-text-color has-link-color wp-elements-4a76faa6f90ae692eaeb5c710c2175d9\" style=\"color:#eb753a;font-size:34px\"><strong>STADNIK <br>ELEKTROTECHNIK <\/strong><br><strong>GMBH<\/strong><br><\/h2>\n\n\n\n<div style=\"height:200px\" aria-hidden=\"true\" class=\"wp-block-spacer\"><\/div>\n\n\n\n<p class=\"has-text-align-center has-text-color has-link-color has-large-font-size wp-elements-42446d20655b4ce34e0f201660e24cf1\" style=\"color:#fd741a\">                                                                                                                           <br><\/p>\n\n\n\n<p class=\"has-text-align-center hero-offset has-text-color has-link-color wp-elements-6413ab1b9c19aab671d38547601a1406\" style=\"color:#fd741a;font-size:42px\"><strong>die Zukunft ist elektrisch<\/strong><\/p>\n\n\n\n<div style=\"height:200px\" aria-hidden=\"true\" class=\"wp-block-spacer\"><\/div>\n<\/div><\/div>\n\n\n\n<div class=\"wp-block-group has-base-3-color has-text-color has-background has-link-color has-small-font-size wp-elements-da7b631abfcdbed2dd2bb6c7ead29c4c\" style=\"background-color:#1f1f29f7\"><div class=\"wp-block-group__inner-container is-layout-constrained wp-block-group-is-layout-constrained\">\n<div class=\"wp-block-columns is-layout-flex wp-container-core-columns-is-layout-9d6595d7 wp-block-columns-is-layout-flex\">\n<div class=\"wp-block-column is-vertically-aligned-top has-background is-layout-flow wp-block-column-is-layout-flow\" style=\"background-color:#0d1b2a\">\n<h3 class=\"wp-block-heading has-text-align-center\" style=\"font-size:28px\"><strong><br>Elektro &amp;<\/strong><br><strong>Installation<\/strong><\/h3>\n\n\n\n<p class=\"has-text-align-center\" style=\"font-size:20px\"><strong>Neubau &amp; Sanierung<\/strong><br><\/p>\n\n\n\n<div style=\"height:30px\" aria-hidden=\"true\" class=\"wp-block-spacer\"><\/div>\n<\/div>\n\n\n\n<div class=\"wp-block-column has-base-3-color has-text-color has-background has-link-color wp-elements-382979653c6504e0dd4766b11e07abc2 is-layout-flow wp-block-column-is-layout-flow\" style=\"background-color:#0d1b2a\">\n<h3 class=\"wp-block-heading has-text-align-center\" style=\"font-size:28px\"><br>    <strong>Wartung &amp;<br>       Service<\/strong><\/h3>\n\n\n\n<p class=\"has-text-align-center\" style=\"font-size:20px\"><strong>Pr\u00fcfung &amp; Instandhaltung<\/strong><\/p>\n\n\n\n<div style=\"height:30px\" aria-hidden=\"true\" class=\"wp-block-spacer\"><\/div>\n<\/div>\n\n\n\n<div class=\"wp-block-column is-vertically-aligned-top has-background is-layout-flow wp-block-column-is-layout-flow\" style=\"background-color:#0d1b2a\">\n<h3 class=\"wp-block-heading has-text-align-center\" style=\"font-size:28px\"><br><strong>Stromverteiler &amp; Sicherungen<\/strong><\/h3>\n\n\n\n<p class=\"has-text-align-center\" style=\"font-size:20px\"><strong>Planung &amp; Montage<\/strong> <br><\/p>\n\n\n\n<div style=\"height:30px\" aria-hidden=\"true\" class=\"wp-block-spacer\"><\/div>\n<\/div>\n<\/div>\n<\/div><\/div>\n\n\n\n<div class=\"wp-block-group has-base-3-color has-text-color has-background has-link-color has-small-font-size wp-elements-75b1949bcce7a9810d1f1b82a64385f9\" style=\"background-color:#0d1b2a\"><div class=\"wp-block-group__inner-container is-layout-constrained wp-block-group-is-layout-constrained\">\n<div>\n<div class=\"wp-block-columns is-layout-flex wp-container-core-columns-is-layout-9d6595d7 wp-block-columns-is-layout-flex\">\n<div class=\"wp-block-column is-layout-flow wp-block-column-is-layout-flow\">\n<div style=\"height:20px\" aria-hidden=\"true\" class=\"wp-block-spacer\"><\/div>\n\n\n\n<p class=\"has-text-align-left\" style=\"font-size:18px\"><strong>Impressum<\/strong><\/p>\n\n\n\n<p class=\"has-text-align-left\" style=\"font-size:18px\"><strong>Stadnik Elektrotechnik GmbH<br>R\u00fcterstra\u00dfe 53 22041 Hamburg <br>HRB 163450<\/strong><br><strong>Ust-IdNr.:DE 333743646<\/strong><\/p>\n\n\n\n<p class=\"has-text-align-left\" style=\"font-size:18px\"><strong>Tel: <\/strong><br><strong><a href=\"tel:+494018184939\" target=\"_blank\" rel=\"noreferrer noopener\">040 1818 4939<\/a><\/strong><br><strong>Fax: <\/strong><br><strong>040 2610 2614<\/strong><\/p>\n\n\n\n<p class=\"has-text-align-left\" style=\"font-size:16px\"><strong>Mail:<\/strong><br><strong><a href=\"mailto:kontakt@stadnik-elektrotechnik.de\" target=\"_blank\" rel=\"noreferrer noopener\">kontakt@stadnik-elektrotechnik.de<\/a><\/strong><\/p>\n<\/div>\n\n\n\n<div class=\"wp-block-column is-layout-flow wp-block-column-is-layout-flow\" id=\"kontaktForm\"><style id=\"wpforms-css-vars-52-block-e5311bb6-f7d9-483a-9a10-1d15598b4c50\">\n\t\t\t\t#wpforms-52.wpforms-block-e5311bb6-f7d9-483a-9a10-1d15598b4c50 {\n\t\t\t\t--wpforms-label-color: var(--base-2);\n--wpforms-label-sublabel-color: var(--base);\n--wpforms-field-border-style: none;\n--wpforms-field-text-color: #26262c;\n--wpforms-field-menu-color: var(--contrast-3);\n--wpforms-button-background-color: var(--contrast-3);\n--wpforms-button-text-color: var(--contrast);\n--wpforms-field-border-size: 0px;\n--wpforms-field-size-input-height: 31px;\n--wpforms-field-size-input-spacing: 10px;\n--wpforms-field-size-font-size: 14px;\n--wpforms-field-size-line-height: 17px;\n--wpforms-field-size-padding-h: 9px;\n--wpforms-field-size-checkbox-size: 14px;\n--wpforms-field-size-sublabel-spacing: 5px;\n--wpforms-field-size-icon-size: 0.75;\n--wpforms-label-size-font-size: 16px;\n--wpforms-label-size-line-height: 19px;\n--wpforms-label-size-sublabel-font-size: 14px;\n--wpforms-label-size-sublabel-line-height: 17px;\n--wpforms-button-size-font-size: 14px;\n--wpforms-button-size-height: 37px;\n--wpforms-button-size-padding-h: 15px;\n--wpforms-button-size-margin-top: 5px;\n\t\t\t}\n\t\t\t<\/style><div class=\"wpforms-container wpforms-container-full wpforms-block wpforms-block-e5311bb6-f7d9-483a-9a10-1d15598b4c50 wpforms-render-modern\" id=\"wpforms-52\"><form id=\"wpforms-form-52\" class=\"wpforms-validate wpforms-form wpforms-ajax-form\" data-formid=\"52\" method=\"post\" enctype=\"multipart\/form-data\" action=\"\/index.php\/wp-json\/wp\/v2\/pages\/9\" data-token=\"5a9399776fabb28523443b9c4011c8e9\" data-token-time=\"1775353805\"><noscript class=\"wpforms-error-noscript\">Bitte aktiviere JavaScript in deinem Browser, um dieses Formular fertigzustellen.<\/noscript><div id=\"wpforms-error-noscript\" style=\"display: none;\">Bitte aktiviere JavaScript in deinem Browser, um dieses Formular fertigzustellen.<\/div><div class=\"wpforms-field-container\"><div id=\"wpforms-52-field_1-container\" class=\"wpforms-field wpforms-field-name\" data-field-id=\"1\"><fieldset><legend class=\"wpforms-field-label\">Name <span class=\"wpforms-required-label\" aria-hidden=\"true\">*<\/span><\/legend><div class=\"wpforms-field-row wpforms-field-medium\"><div class=\"wpforms-field-row-block wpforms-first wpforms-one-half\"><input type=\"text\" id=\"wpforms-52-field_1\" class=\"wpforms-field-name-first wpforms-field-required\" name=\"wpforms[fields][1][first]\" aria-errormessage=\"wpforms-52-field_1-error\" required><label for=\"wpforms-52-field_1\" class=\"wpforms-field-sublabel after\">Vorname<\/label><\/div><div class=\"wpforms-field-row-block wpforms-one-half\"><input type=\"text\" id=\"wpforms-52-field_1-last\" class=\"wpforms-field-name-last wpforms-field-required\" name=\"wpforms[fields][1][last]\" aria-errormessage=\"wpforms-52-field_1-last-error\" required><label for=\"wpforms-52-field_1-last\" class=\"wpforms-field-sublabel after\">Nachname<\/label><\/div><\/div><\/fieldset><\/div>\t\t<div id=\"wpforms-52-field_4-container\"\n\t\t\tclass=\"wpforms-field wpforms-field-text\"\n\t\t\tdata-field-type=\"text\"\n\t\t\tdata-field-id=\"4\"\n\t\t\t>\n\t\t\t<label class=\"wpforms-field-label\" for=\"wpforms-52-field_4\" >Nachricht oder Kommentar<\/label>\n\t\t\t<input type=\"text\" id=\"wpforms-52-field_4\" class=\"wpforms-field-medium\" name=\"wpforms[fields][4]\" >\n\t\t<\/div>\n\t\t<div id=\"wpforms-52-field_2-container\" class=\"wpforms-field wpforms-field-email\" data-field-id=\"2\"><label class=\"wpforms-field-label\" for=\"wpforms-52-field_2\">E-Mail-Adresse <span class=\"wpforms-required-label\" aria-hidden=\"true\">*<\/span><\/label><input type=\"email\" id=\"wpforms-52-field_2\" class=\"wpforms-field-medium wpforms-field-required\" name=\"wpforms[fields][2]\" spellcheck=\"false\" aria-errormessage=\"wpforms-52-field_2-error\" required><\/div><div id=\"wpforms-52-field_3-container\" class=\"wpforms-field wpforms-field-textarea\" data-field-id=\"3\"><label class=\"wpforms-field-label\" for=\"wpforms-52-field_3\">Kommentar oder Nachricht<\/label><textarea id=\"wpforms-52-field_3\" class=\"wpforms-field-medium\" name=\"wpforms[fields][3]\" aria-errormessage=\"wpforms-52-field_3-error\" ><\/textarea><\/div><script>\n\t\t\t\t( function() {\n\t\t\t\t\tconst style = document.createElement( 'style' );\n\t\t\t\t\tstyle.appendChild( document.createTextNode( '#wpforms-52-field_4-container { position: absolute !important; overflow: hidden !important; display: inline !important; height: 1px !important; width: 1px !important; z-index: -1000 !important; padding: 0 !important; } #wpforms-52-field_4-container input { visibility: hidden; } #wpforms-conversational-form-page #wpforms-52-field_4-container label { counter-increment: none; }' ) );\n\t\t\t\t\tdocument.head.appendChild( style );\n\t\t\t\t\tdocument.currentScript?.remove();\n\t\t\t\t} )();\n\t\t\t<\/script><\/div><!-- .wpforms-field-container --><div class=\"wpforms-submit-container\" ><input type=\"hidden\" name=\"wpforms[id]\" value=\"52\"><input type=\"hidden\" name=\"page_title\" value=\"\"><input type=\"hidden\" name=\"page_url\" value=\"https:\/\/stadnik-elektrotechnik.de\/index.php\/wp-json\/wp\/v2\/pages\/9\"><input type=\"hidden\" name=\"url_referer\" value=\"\"><button type=\"submit\" name=\"wpforms[submit]\" id=\"wpforms-submit-52\" class=\"wpforms-submit\" data-alt-text=\"Wird gesendet\u00a0\u2026\" data-submit-text=\"Absenden\" aria-live=\"assertive\" value=\"wpforms-submit\">Absenden<\/button><img loading=\"lazy\" decoding=\"async\" src=\"https:\/\/stadnik-elektrotechnik.de\/wp-content\/plugins\/wpforms-lite\/assets\/images\/submit-spin.svg\" class=\"wpforms-submit-spinner\" style=\"display: none;\" width=\"26\" height=\"26\" alt=\"Wird geladen\"><\/div><\/form><\/div>  <!-- .wpforms-container -->\n\n\n<p class=\"has-text-align-center has-base-color has-text-color has-link-color has-small-font-size wp-elements-249a418d9f1ede347efde5091b2e1459\">Datenschutz: Mit dem Absenden dieses Formulars erkl\u00e4ren Sie sich mit der Verarbeitung Ihrer Daten zur Beantwortung Ihrer Anfrage einverstanden.<\/p>\n<\/div>\n<\/div>\n<\/div>\n<\/div><\/div>\n\n\n\n<div class=\"wp-block-group has-contrast-color has-text-color has-background has-link-color has-small-font-size wp-elements-354422dbee7f4d4be86349228707aabb\" style=\"background-color:#1f1f29f7\"><div class=\"wp-block-group__inner-container is-layout-constrained wp-block-group-is-layout-constrained\">\n<p class=\"has-text-align-center has-base-color has-text-color has-link-color wp-elements-445d8d0adb6f6043b89da45a74576251\" style=\"font-size:20px\"><strong>Stadnik Elektrotechnik GmbH &#8211; R\u00fcterstra\u00dfe 53, 22041 Hambur<\/strong>g<\/p>\n\n\n\n<p class=\"has-text-align-center has-base-color has-text-color has-link-color wp-elements-9b065d742df128c66bee2e49783926eb\" style=\"font-size:20px\"><br>In Vorbereitung: Ausf\u00fchrliche Informationen zu unserem Unternehmen und Social-Media-Pr\u00e4senzen folgen in K\u00fcrze.<br><\/p>\n<\/div><\/div>\n","protected":false},"excerpt":{"rendered":"<p>Elektro &amp;Installation Neubau &amp; Sanierung Wartung &amp; Service Pr\u00fcfung &amp; Instandhaltung Stromverteiler &amp; Sicherungen Planung &amp; Montage Stadnik Elektrotechnik GmbH &#8211; R\u00fcterstra\u00dfe 53, 22041 Hamburg In Vorbereitung: Ausf\u00fchrliche Informationen zu unserem Unternehmen und Social-Media-Pr\u00e4senzen folgen in K\u00fcrze.<\/p>\n","protected":false},"author":1,"featured_media":0,"parent":0,"menu_order":0,"comment_status":"closed","ping_status":"closed","template":"","meta":{"footnotes":""},"class_list":["post-9","page","type-page","status-publish"],"_links":{"self":[{"href":"https:\/\/stadnik-elektrotechnik.de\/index.php\/wp-json\/wp\/v2\/pages\/9","targetHints":{"allow":["GET"]}}],"collection":[{"href":"https:\/\/stadnik-elektrotechnik.de\/index.php\/wp-json\/wp\/v2\/pages"}],"about":[{"href":"https:\/\/stadnik-elektrotechnik.de\/index.php\/wp-json\/wp\/v2\/types\/page"}],"author":[{"embeddable":true,"href":"https:\/\/stadnik-elektrotechnik.de\/index.php\/wp-json\/wp\/v2\/users\/1"}],"replies":[{"embeddable":true,"href":"https:\/\/stadnik-elektrotechnik.de\/index.php\/wp-json\/wp\/v2\/comments?post=9"}],"version-history":[{"count":104,"href":"https:\/\/stadnik-elektrotechnik.de\/index.php\/wp-json\/wp\/v2\/pages\/9\/revisions"}],"predecessor-version":[{"id":234,"href":"https:\/\/stadnik-elektrotechnik.de\/index.php\/wp-json\/wp\/v2\/pages\/9\/revisions\/234"}],"wp:attachment":[{"href":"https:\/\/stadnik-elektrotechnik.de\/index.php\/wp-json\/wp\/v2\/media?parent=9"}],"curies":[{"name":"wp","href":"https:\/\/api.w.org\/{rel}","templated":true}]}}